{"id":81,"date":"2014-07-22T19:22:01","date_gmt":"2014-07-22T18:22:01","guid":{"rendered":"https:\/\/toutestquantique.fr\/en\/?page_id=81"},"modified":"2021-10-30T19:49:09","modified_gmt":"2021-10-30T17:49:09","slug":"credits","status":"publish","type":"page","link":"https:\/\/toutestquantique.fr\/en\/credits\/","title":{"rendered":"credits"},"content":{"rendered":"<p>This website was designed thanks to the Chair \u201cPhysics Reimagined\u201d of the Fondation Paris-Sud supported by Air Liquide.<br \/>\nMagnetism animations made thanks to the support of the ANR Link2 research program.<br \/>\n<\/p>\n<h4>Scientific board<\/h4>\n<p>Julien Bobroff and Fr\u00e9d\u00e9ric Bouquet from the group \u00ab\u00a0Physics Reimagined\u00a0\u00bb (Laboratoire de Physique des Solides, Universit\u00e9 Paris Sud and CNRS) with the help of Fabrice Bert (LPS), V\u00e9ronique Brouet (LPS), Vincent Jacques (LPS), Marianne Imperor (LPS), Pascale Launois (LPS), Marino Marsi (LPS), Mark Oliver Goerbig (LPS), Janet Rafner (LPS), Claire Lauhle (SOLEIL and Universit\u00e9 Paris Sud), Jean-No\u00ebl Fuchs (Laboratoire de Physique Th\u00e9orique de la Mati\u00e8re Condens\u00e9e,\u00a0Universit\u00e9 Pierre et Marie Curie), Vincent Jacques (Laboratoire Aim\u00e9 Cotton, CNRS, ENS Cachan, Univ. Paris-Sud), David Clement (Laboratoire Charles Fabry, Institut d\u2019Optique Graduate School), Christian Colliex (LPS), Nathalie Brun (LPS), Fran\u00e7oise Livolant (LPS), Fr\u00e9d\u00e9ric Restagno (LPS), Yves Noat (INSP, UPMC), Philippe Mendels (LPS), Edwin Kermarrec (LPS)<\/p>\n<p><\/a><\/p>\n<h4>Animations, graphic designs, web designs<\/h4>\n<p><a href=\"http:\/\/dafox.co\" target=\"_blank\"><span class=\"ital cap\">dafox<\/span><br \/>\ndafox.co<br \/>\n<\/a><\/p>\n<h4>sound design<\/h4>\n<p><a href=\"http:\/\/laoexperiment.bandcamp.com\/\" target=\"_blank\"><span class=\"ital cap\">lao experiment<\/span><br \/>laoexperiment.bandcamp.com\/<br \/>\n<\/a><\/p>\n<h4>Photo credits<\/h4>\n<p>CNRS Phototh\u00e8que<br \/>\nJ\u00e9r\u00f4me Chatin (Quantization, Bose-Einstein Condensation), Christophe Lebedinsky (Tunnel effect), Fran\u00e7ois Jannin (Atome), S\u00e9bastien Godefroy (Duality), Beno\u00eet Rajau (Laser and Metal, electronic microscopy MEB and TEM), Hubert RAGUET (Spin, Confocal), Cyril Fresillon (dark field, AFM, Cristallography), Hubert Raguet (STM), Jean-Claude Rouillon (Polarising), Laurence Medard (Graphene).<br \/>\nPhotographs were taken at the SOLEIL synchrotron (CAVOK production \/ Laurent Persin), at the LCFIO (CNRS Photo library, J. Chatin), at the LPS (CNRS Photo library, B. Rajau,L. Medard), at the LRCS (CNRS Photo library, C. Fresillon) at the IPR (CNRS Photo library, Kaksonen) at Jacques Monod Institut (CNRS Photo library, Hubert Raguet), Institut Langevin Ondes et Images (CNRS Photo library C. Fresillon), Laboratoire r\u00e9activit\u00e9 et chimie des solides (CNRS Photo library, C. Fresillon)<br \/>\nHerbertsmithite : sqm lps \/ neutrons : J.-M. Zanotti CEA \/ Cyril FRESILLON\/LNCMI\/CNRS Phototh\u00e8que \/ LPS : Beno\u00eet RAJAU\/LPS\/CNRS Phototh\u00e8que \/<\/p>\n<h4>translations<\/h4>\n<p>M\u00e9lanie Mora Y Collazo<\/p>\n<h4>acknowledgments<\/h4>\n<p>Our thanks go to Jo\u00ebl Chevrier, Jean-Michel Courty ,Catherine Dematteis, Anna da Costa, Matthieu Lambert, Roland Lehoucq, Am\u00e9lie Zanetti, Mehdi Zeghal, Sarah Gar\u00e7on for their help and advice and to all our colleagues and professors coll\u00e8gues et professeurs for their involvement in the promotion of our activities.<\/p>\n<h4>Terms of use<\/h4>\n<p>Works on this website (video, leaflet, poster) are free to download.<br \/>\nDo not forget to quote authors and sources.<br \/>\nAny questions on the use  : do not hesitate to contact us.<\/p>\n<h4>Hosting<\/h4>\n<p>OVH, SAS au capital de 10000000 \u20ac<br \/>\nN\u00b0 TVA : FR 22 424 761 419<br \/>\nSi\u00e8ge social : 2 rue Kellermann &#8211; 59100 Roubaix &#8211; France.<\/p>\n","protected":false},"excerpt":{"rendered":"<p>This website was designed thanks to the Chair \u201cPhysics Reimagined\u201d of the Fondation Paris-Sud supported by Air Liquide. Magnetism animations made thanks to the support of the ANR Link2 research program. Scientific board Julien Bobroff and Fr\u00e9d\u00e9ric Bouquet from the group \u00ab\u00a0Physics Reimagined\u00a0\u00bb (Laboratoire de Physique des Solides, Universit\u00e9 Paris Sud and CNRS) with the [&hellip;]<\/p>\n","protected":false},"author":1,"featured_media":0,"parent":0,"menu_order":0,"comment_status":"open","ping_status":"open","template":"page_demi.php","meta":[],"_links":{"self":[{"href":"https:\/\/toutestquantique.fr\/en\/wp-json\/wp\/v2\/pages\/81"}],"collection":[{"href":"https:\/\/toutestquantique.fr\/en\/wp-json\/wp\/v2\/pages"}],"about":[{"href":"https:\/\/toutestquantique.fr\/en\/wp-json\/wp\/v2\/types\/page"}],"author":[{"embeddable":true,"href":"https:\/\/toutestquantique.fr\/en\/wp-json\/wp\/v2\/users\/1"}],"replies":[{"embeddable":true,"href":"https:\/\/toutestquantique.fr\/en\/wp-json\/wp\/v2\/comments?post=81"}],"version-history":[{"count":8,"href":"https:\/\/toutestquantique.fr\/en\/wp-json\/wp\/v2\/pages\/81\/revisions"}],"predecessor-version":[{"id":591,"href":"https:\/\/toutestquantique.fr\/en\/wp-json\/wp\/v2\/pages\/81\/revisions\/591"}],"wp:attachment":[{"href":"https:\/\/toutestquantique.fr\/en\/wp-json\/wp\/v2\/media?parent=81"}],"curies":[{"name":"wp","href":"https:\/\/api.w.org\/{rel}","templated":true}]}}